{"id":1062,"date":"2021-12-27T17:24:39","date_gmt":"2021-12-27T17:24:39","guid":{"rendered":"http:\/\/fastwpdemo.com\/newwp\/bluebell\/?page_id=1062"},"modified":"2025-12-07T21:04:21","modified_gmt":"2025-12-07T21:04:21","slug":"kontakt","status":"publish","type":"page","link":"https:\/\/hotel-almanas.ba\/en\/kontakt\/","title":{"rendered":"KONTAKT"},"content":{"rendered":"<div data-elementor-type=\"wp-page\" data-elementor-id=\"1062\" class=\"elementor elementor-1062\">\n\t\t\t\t\t\t<section class=\"elementor-section elementor-top-section elementor-element elementor-element-d7dcc9d elementor-section-full_width elementor-section-height-default elementor-section-height-default\" data-id=\"d7dcc9d\" data-element_type=\"section\">\n\t\t\t\t\t\t<div class=\"elementor-container elementor-column-gap-default\">\n\t\t\t\t\t<div class=\"elementor-column elementor-col-100 elementor-top-column elementor-element elementor-element-88cd717\" data-id=\"88cd717\" data-element_type=\"column\">\n\t\t\t<div class=\"elementor-widget-wrap elementor-element-populated\">\n\t\t\t\t\t\t<div class=\"elementor-element elementor-element-44f7d43 elementor-widget elementor-widget-bluebell_contact_us\" data-id=\"44f7d43\" data-element_type=\"widget\" data-widget_type=\"bluebell_contact_us.default\">\n\t\t\t\t<div class=\"elementor-widget-container\">\n\t\t\t\t\t        \n        \n \t<!-- Contact Form section -->\n    <section class=\"contact-form-section light-bg mx-60 border-shape-top border-shape-bottom\">\n        <div class=\"auto-container\">        \n            <div class=\"sec-title\">\n                <div class=\"sub-title\">Kontaktirajte nas<\/div>                <h2>Po\u0161aljite poruku za bilo koji upit<\/h2>                <div class=\"text\">Na\u0161 cilj u Hotelu Almanas je da spojimo dru\u0161tva i duhove na\u0161ih posjetitelja s na\u0161im vlastitim,.<br>prenose\u0107i entuzijazam i liberalnost u ugostiteljstvu i  hrani koju pravimo za na\u0161e klijente. <\/div>            <\/div>\n            <div class=\"row\">\n                                <div class=\"col-lg-8\">\n                    <!--Contact Form-->\n                  \t<div class=\"contact-form style-two\">\n                       \n<div class=\"wpcf7 no-js\" id=\"wpcf7-f1065-o1\" lang=\"en-US\" dir=\"ltr\" data-wpcf7-id=\"1065\">\n<div class=\"screen-reader-response\"><p role=\"status\" aria-live=\"polite\" aria-atomic=\"true\"><\/p> <ul><\/ul><\/div>\n<form action=\"\/en\/wp-json\/wp\/v2\/pages\/1062#wpcf7-f1065-o1\" method=\"post\" class=\"wpcf7-form init\" aria-label=\"Contact form\" novalidate=\"novalidate\" data-status=\"init\" data-trp-original-action=\"\/en\/wp-json\/wp\/v2\/pages\/1062#wpcf7-f1065-o1\">\n<fieldset class=\"hidden-fields-container\"><input type=\"hidden\" name=\"_wpcf7\" value=\"1065\" \/><input type=\"hidden\" name=\"_wpcf7_version\" value=\"6.1.4\" \/><input type=\"hidden\" name=\"_wpcf7_locale\" value=\"en_US\" \/><input type=\"hidden\" name=\"_wpcf7_unit_tag\" value=\"wpcf7-f1065-o1\" \/><input type=\"hidden\" name=\"_wpcf7_container_post\" value=\"0\" \/><input type=\"hidden\" name=\"_wpcf7_posted_data_hash\" value=\"\" \/>\n<\/fieldset>\n<div class=\"row\">\n\t<div class=\"form-group col-md-6\">\n\t\t<p><span class=\"wpcf7-form-control-wrap\" data-name=\"text-774\"><input size=\"40\" maxlength=\"400\" class=\"wpcf7-form-control wpcf7-text wpcf7-validates-as-required\" aria-required=\"true\" aria-invalid=\"false\" placeholder=\"Va\u0161e ime\" value=\"\" type=\"text\" name=\"text-774\" \/><\/span>\n\t\t<\/p>\n\t<\/div>\n\t<div class=\"form-group col-md-6\">\n\t\t<p><span class=\"wpcf7-form-control-wrap\" data-name=\"email-161\"><input size=\"40\" maxlength=\"400\" class=\"wpcf7-form-control wpcf7-email wpcf7-validates-as-required wpcf7-text wpcf7-validates-as-email\" aria-required=\"true\" aria-invalid=\"false\" value=\"Va\u0161 email\" type=\"email\" name=\"email-161\" \/><\/span>\n\t\t<\/p>\n\t<\/div>\n\t<div class=\"form-group col-md-6\">\n\t\t<p><span class=\"wpcf7-form-control-wrap\" data-name=\"text-775\"><input size=\"40\" maxlength=\"400\" class=\"wpcf7-form-control wpcf7-text\" aria-invalid=\"false\" placeholder=\"Broj telefona\" value=\"\" type=\"text\" name=\"text-775\" \/><\/span>\n\t\t<\/p>\n\t<\/div>\n\t<div class=\"form-group col-md-6\">\n\t\t<p><span class=\"wpcf7-form-control-wrap\" data-name=\"text-776\"><input size=\"40\" maxlength=\"400\" class=\"wpcf7-form-control wpcf7-text\" aria-invalid=\"false\" placeholder=\"Naziv\" value=\"\" type=\"text\" name=\"text-776\" \/><\/span>\n\t\t<\/p>\n\t<\/div>\n\t<div class=\"form-group col-md-12\">\n\t\t<p><span class=\"wpcf7-form-control-wrap\" data-name=\"textarea-340\"><textarea cols=\"40\" rows=\"10\" maxlength=\"2000\" class=\"wpcf7-form-control wpcf7-textarea wpcf7-validates-as-required\" aria-required=\"true\" aria-invalid=\"false\" name=\"textarea-340\">Napi\u0161i poruku<\/textarea><\/span>\n\t\t<\/p>\n\t<\/div>\n\t<div class=\"form-group col-md-12\">\n\t\t<p><input id=\"form_botcheck\" name=\"form_botcheck\" class=\"form-control\" type=\"hidden\" value=\"\" \/><br \/>\n<button class=\"theme-btn btn-style-one\" type=\"submit\" data-loading-text=\"Please wait...\"><span>Po\u0161alji poruku<\/span><\/button>\n\t\t<\/p>\n\t<\/div>\n<\/div><div class=\"wpcf7-response-output\" aria-hidden=\"true\"><\/div>\n<input type=\"hidden\" name=\"trp-form-language\" value=\"en\"\/><\/form>\n<\/div>\n                    <\/div>\n                <\/div>\n                                \n                                <div class=\"col-lg-4 icon_box\">\n                    <div class=\"inner-box\">\n                                                <h4>Informacije Hotela Almanas<\/h4>\n                        <div class=\"border-shap\"><\/div>\n                                                \n                        <div class=\"text-two\"> Kurta Schorka 22, <br>Sarajevo 71000<\/div>                        <div class=\"text-three\"><a href=\"http:\/\/info@hotelsuljovic.com\">info@hotelsuljovic.com<\/a><\/div>                    <\/div>\n                    <div class=\"icon-box\">\n                        <h4>Broj telefona recepcije<\/h4>                        <div class=\"icon\"><h5><i class=\"fas fa-phone\"><\/i><a href=\"tel: 033 627-670\"> 033 627-670<\/a><\/h5><\/div>                        <div class=\"text-four\">Prijava u hotel do 24.00h<br>Odjava do 12.00h<\/div>                    <\/div>\n                <\/div>\n                            <\/div>\n        <\/div>\n    <\/section>        \n        \n\t\t\t\t\t\t<\/div>\n\t\t\t\t<\/div>\n\t\t\t\t\t<\/div>\n\t\t<\/div>\n\t\t\t\t\t<\/div>\n\t\t<\/section>\n\t\t\t\t<section class=\"elementor-section elementor-top-section elementor-element elementor-element-8e80e5c elementor-section-full_width elementor-section-height-default elementor-section-height-default\" data-id=\"8e80e5c\" data-element_type=\"section\">\n\t\t\t\t\t\t<div class=\"elementor-container elementor-column-gap-default\">\n\t\t\t\t\t<div class=\"elementor-column elementor-col-100 elementor-top-column elementor-element elementor-element-47e1e54\" data-id=\"47e1e54\" data-element_type=\"column\">\n\t\t\t<div class=\"elementor-widget-wrap elementor-element-populated\">\n\t\t\t\t\t\t<div class=\"elementor-element elementor-element-8be2668 elementor-widget elementor-widget-bluebell_map_v3\" data-id=\"8be2668\" data-element_type=\"widget\" data-widget_type=\"bluebell_map_v3.default\">\n\t\t\t\t<div class=\"elementor-widget-container\">\n\t\t\t\t\t            \n    <!-- Map Section -->\n    <section class=\"map-section-two mx-60\">\n        <div class=\"auto-container\">\n            <div class=\"contact-map\">\n                <iframe src=\"https:\/\/www.google.com\/maps\/embed?pb=!1m14!1m8!1m3!1d9679.87487618933!2d18.31784192780522!3d43.8383320652622!3m2!1i1024!2i768!4f13.1!3m3!1m2!1s0x4758ca2f98dd8829%3A0x488bfdb06040c40!2sHotel%20Suljovi%C4%87!5e0!3m2!1sen!2sba!4v1709377395873!5m2!1sen!2sba\" width=\"600\" height=\"450\" style=\"border:0;\" allowfullscreen=\"\" loading=\"lazy\" referrerpolicy=\"no-referrer-when-downgrade\"><\/iframe>            <\/div>\n        <\/div>\n    <\/section>\n        \n\t\t\t\t\t<\/div>\n\t\t\t\t<\/div>\n\t\t\t\t\t<\/div>\n\t\t<\/div>\n\t\t\t\t\t<\/div>\n\t\t<\/section>\n\t\t\t\t<\/div>","protected":false},"excerpt":{"rendered":"<p>Kontaktirajte nas Po\u0161aljite poruku za bilo koji upit Na\u0161 cilj u Hotelu Almanas je da spojimo dru\u0161tva i duhove na\u0161ih posjetitelja s na\u0161im vlastitim,.prenose\u0107i entuzijazam i liberalnost u ugostiteljstvu i hrani koju pravimo za na\u0161e klijente. Napi\u0161i poruku Po\u0161alji poruku Informacije Hotela Almanas Kurta Schorka 22, Sarajevo 71000 info@hotelsuljovic.com Broj telefona recepcije 033 627-670 Prijava [&hellip;]<\/p>","protected":false},"author":1,"featured_media":0,"parent":0,"menu_order":0,"comment_status":"closed","ping_status":"closed","template":"tpl-default-elementor.php","meta":{"footnotes":""},"class_list":["post-1062","page","type-page","status-publish","hentry"],"_links":{"self":[{"href":"https:\/\/hotel-almanas.ba\/en\/wp-json\/wp\/v2\/pages\/1062","targetHints":{"allow":["GET"]}}],"collection":[{"href":"https:\/\/hotel-almanas.ba\/en\/wp-json\/wp\/v2\/pages"}],"about":[{"href":"https:\/\/hotel-almanas.ba\/en\/wp-json\/wp\/v2\/types\/page"}],"author":[{"embeddable":true,"href":"https:\/\/hotel-almanas.ba\/en\/wp-json\/wp\/v2\/users\/1"}],"replies":[{"embeddable":true,"href":"https:\/\/hotel-almanas.ba\/en\/wp-json\/wp\/v2\/comments?post=1062"}],"version-history":[{"count":31,"href":"https:\/\/hotel-almanas.ba\/en\/wp-json\/wp\/v2\/pages\/1062\/revisions"}],"predecessor-version":[{"id":2158,"href":"https:\/\/hotel-almanas.ba\/en\/wp-json\/wp\/v2\/pages\/1062\/revisions\/2158"}],"wp:attachment":[{"href":"https:\/\/hotel-almanas.ba\/en\/wp-json\/wp\/v2\/media?parent=1062"}],"curies":[{"name":"wp","href":"https:\/\/api.w.org\/{rel}","templated":true}]}}