{"id":1853,"date":"2021-12-10T11:00:06","date_gmt":"2021-12-10T11:00:06","guid":{"rendered":"http:\/\/fastwpdemo.com\/newwp\/bluebell\/?page_id=21"},"modified":"2025-12-09T11:46:29","modified_gmt":"2025-12-09T11:46:29","slug":"home-default","status":"publish","type":"page","link":"https:\/\/hotel-almanas.ba\/en\/","title":{"rendered":"Home Default"},"content":{"rendered":"<div data-elementor-type=\"wp-page\" data-elementor-id=\"1853\" class=\"elementor elementor-1853\">\n\t\t\t\t\t\t<section class=\"elementor-section elementor-top-section elementor-element elementor-element-9d7fffd elementor-section-full_width elementor-section-height-default elementor-section-height-default\" data-id=\"9d7fffd\" data-element_type=\"section\">\n\t\t\t\t\t\t<div class=\"elementor-container elementor-column-gap-default\">\n\t\t\t\t\t<div class=\"elementor-column elementor-col-100 elementor-top-column elementor-element elementor-element-27bad4a\" data-id=\"27bad4a\" data-element_type=\"column\">\n\t\t\t<div class=\"elementor-widget-wrap elementor-element-populated\">\n\t\t\t\t\t\t<div class=\"elementor-element elementor-element-21bc4d3 elementor-widget elementor-widget-bluebell_slider_v1\" data-id=\"21bc4d3\" data-element_type=\"widget\" data-widget_type=\"bluebell_slider_v1.default\">\n\t\t\t\t<div class=\"elementor-widget-container\">\n\t\t\t\t\t        \n \t<!-- Bnner Section -->\n    <section class=\"banner-section\">\n        <div class=\"swiper-container banner-slider\">\n            <div class=\"swiper-wrapper\">\n                <!-- Slide Item -->\n                                <div class=\"swiper-slide\" style=\"background-image: url(https:\/\/hotel-almanas.ba\/wp-content\/uploads\/2024\/02\/IMG_9890.jpg);\">\n                    <div class=\"content-outer\">\n                        <div class=\"content-box\">\n                            <div class=\"inner\">\n                                <h1 class=\"banner-title\">Va\u0161a Oaza <br> Udobnosti u Srcu Grada<\/h1>                                <div class=\"text\">Ovaj elegantni hotel kombinira suvremenu udobnost s profinjenim stilom, nude\u0107i gostima nezaboravan boravak u gradu. Na\u0161e profesionalno osoblje stoji vam na raspolaganju kako bi va\u0161 poslovni doga\u0111aj protekao glatko i uspje\u0161no.<\/div>                                <div class=\"video-box\">\n                                    <div class=\"video-btn\"><a href=\"#\" class=\"overlay-link play-now ripple\" data-fancybox=\"\" data-caption=\"\"><i class=\"fas fa-play\"><\/i><\/a><\/div>                                    <span>Adventure<\/span>                                <\/div>\n                            <\/div>\n                        <\/div>\n                    <\/div>\n                <\/div>\n                                <div class=\"swiper-slide\" style=\"background-image: url(https:\/\/hotel-almanas.ba\/wp-content\/uploads\/2024\/02\/IMG_9895.jpg);\">\n                    <div class=\"content-outer\">\n                        <div class=\"content-box\">\n                            <div class=\"inner\">\n                                <h1 class=\"banner-title\">\"Hotel Almanas Va\u0161a Destinacija<br>  Za Nezaboravan Boravak.\"<\/h1>                                <div class=\"text\">Po ulasku u hotel, do\u010dekat \u0107e vas prostrani i dobro osvijetljeni predvorje koje odi\u0161e toplinom i gostoljubivo\u0161\u0107u. Osoblje hotela uvijek je spremno ispuniti va\u0161e potrebe i u\u010diniti va\u0161 boravak ugodnim i nezaboravnim.<\/div>                                <div class=\"video-box\">\n                                    <div class=\"video-btn\"><a href=\"#\" class=\"overlay-link play-now ripple\" data-fancybox=\"\" data-caption=\"\"><i class=\"fas fa-play\"><\/i><\/a><\/div>                                    <span>Adventure<\/span>                                <\/div>\n                            <\/div>\n                        <\/div>\n                    <\/div>\n                <\/div>\n                                <div class=\"swiper-slide\" style=\"background-image: url(https:\/\/hotel-almanas.ba\/wp-content\/uploads\/2024\/02\/IMG_9898.jpg);\">\n                    <div class=\"content-outer\">\n                        <div class=\"content-box\">\n                            <div class=\"inner\">\n                                <h1 class=\"banner-title\">\"Va\u0161 Izbor Za Elegantan Boravak <br>- Hotel ALMANAS.\"<\/h1>                                <div class=\"text\">Gastronomska ponuda hotela obuhva\u0107a raznovrsne kulinarske delicije koje \u0107e zadovoljiti i najistan\u010danije nepce. Restoran hotela nudi \u0161irok izbor jela doma\u0107e i internacionalne kuhinje, dok se u ugodnom ambijentu bara mo\u017eete opustiti uz osvje\u017eavaju\u0107i napitak ili koktel.<\/div>                                <div class=\"video-box\">\n                                    <div class=\"video-btn\"><a href=\"#\" class=\"overlay-link play-now ripple\" data-fancybox=\"\" data-caption=\"\"><i class=\"fas fa-play\"><\/i><\/a><\/div>                                    <span>Adventure<\/span>                                <\/div>\n                            <\/div>\n                        <\/div>\n                    <\/div>\n                <\/div>\n                            <\/div>\n        <\/div>\n        <div class=\"banner-slider-nav style-three\">\n            <div class=\"banner-slider-control banner-slider-button-prev\"><span><i class=\"fal fa-angle-right\"><\/i><\/span><\/div>\n            <div class=\"banner-slider-control banner-slider-button-next\"><span><i class=\"fal fa-angle-right\"><\/i><\/span> <\/div>\n        <\/div>\n    <\/section>\n    <!-- End Bnner Section -->\n\n        <!-- Check availability -->\n    <div class=\"check-availability\">\n        <div class=\"auto-container\">\n            <div class=\"form border-shape-top\">\n                            <\/div>\n        <\/div>\n    <\/div>        \n         \n        \n   \t\t\t\t<\/div>\n\t\t\t\t<\/div>\n\t\t\t\t\t<\/div>\n\t\t<\/div>\n\t\t\t\t\t<\/div>\n\t\t<\/section>\n\t\t\t\t<section class=\"elementor-section elementor-top-section elementor-element elementor-element-a382779 elementor-section-full_width elementor-section-height-default elementor-section-height-default\" data-id=\"a382779\" data-element_type=\"section\">\n\t\t\t\t\t\t<div class=\"elementor-container elementor-column-gap-default\">\n\t\t\t\t\t<div class=\"elementor-column elementor-col-100 elementor-top-column elementor-element elementor-element-9f0b5d8\" data-id=\"9f0b5d8\" data-element_type=\"column\">\n\t\t\t<div class=\"elementor-widget-wrap\">\n\t\t\t\t\t\t\t<\/div>\n\t\t<\/div>\n\t\t\t\t\t<\/div>\n\t\t<\/section>\n\t\t\t\t<section class=\"elementor-section elementor-top-section elementor-element elementor-element-bc20ae8 elementor-section-full_width elementor-section-height-default elementor-section-height-default\" data-id=\"bc20ae8\" data-element_type=\"section\">\n\t\t\t\t\t\t<div class=\"elementor-container elementor-column-gap-default\">\n\t\t\t\t\t<div class=\"elementor-column elementor-col-100 elementor-top-column elementor-element elementor-element-2582712\" data-id=\"2582712\" data-element_type=\"column\">\n\t\t\t<div class=\"elementor-widget-wrap elementor-element-populated\">\n\t\t\t\t\t\t<div class=\"elementor-element elementor-element-770003d elementor-widget elementor-widget-bluebell_features_services\" data-id=\"770003d\" data-element_type=\"widget\" data-widget_type=\"bluebell_features_services.default\">\n\t\t\t\t<div class=\"elementor-widget-container\">\n\t\t\t\t\t         \n \t<!-- amenities -->\n    <section class=\"amenities-section light-bg mx-60 border-shape-bottom\">\n        <div class=\"auto-container\">\n            <div class=\"title-box text-center\">\n                <div class=\"sub-title\">POGODNOSTI<\/div>                <h2 class=\"sec-title\">U\u010dinite svoj boravak nezaboravnim<\/h2>            <\/div>\n\n            <div class=\"row\">\n                               <div class=\"col-lg-4 amenities-block\">\n                    <div class=\"inner-box\">\n                        <div class=\"icon\"><i class=\"icon flaticon-wifi-signal\"><\/i><\/div>\n                        <h1>Kvalitetan i pouzdan Wifi<\/h1>\n                        <div class=\"text\">Hotel Almanas omogu\u0107uje gostima besplatan pristup internetu putem Wi-Fi mre\u017ee.<\/div>\n                    <\/div>                    \n                <\/div>\n                                <div class=\"col-lg-4 amenities-block\">\n                    <div class=\"inner-box\">\n                        <div class=\"icon\"><i class=\"icon flaticon-car\"><\/i><\/div>\n                        <h1>Organizovani prevoz gostiju<\/h1>\n                        <div class=\"text\">Hotel Almanas mo\u017ee organizirati prijevoz gostiju do\/zra\u010dne luke.<\/div>\n                    <\/div>                    \n                <\/div>\n                                <div class=\"col-lg-4 amenities-block\">\n                    <div class=\"inner-box\">\n                        <div class=\"icon\"><i class=\"icon flaticon-smart-tv\"><\/i><\/div>\n                        <h1>Smart TV<\/h1>\n                        <div class=\"text\">Gosti mogu u\u017eivati u raznovrsnom sadr\u017eaju putem Smart TV-a<\/div>\n                    <\/div>                    \n                <\/div>\n                                <div class=\"col-lg-4 amenities-block\">\n                    <div class=\"inner-box\">\n                        <div class=\"icon\"><i class=\"icon flaticon-calendar\"><\/i><\/div>\n                        <h1>Svadbeni salon<\/h1>\n                        <div class=\"text\">Hotel Almanas mo\u017ee pru\u017eiti prekrasan svadbeni salon ili dvoranu za sve\u010dane prigode.<\/div>\n                    <\/div>                    \n                <\/div>\n                                <div class=\"col-lg-4 amenities-block\">\n                    <div class=\"inner-box\">\n                        <div class=\"icon\"><i class=\"icon flaticon-breakfast\"><\/i><\/div>\n                        <h1>Doru\u010dak u Hotelu<\/h1>\n                        <div class=\"text\">Gosti mogu u\u017eivati u obilnom doru\u010dku s bogatim izborom jela i pi\u0107a koji \u0107e ih osvje\u017eiti.<\/div>\n                    <\/div>                    \n                <\/div>\n                                <div class=\"col-lg-4 amenities-block\">\n                    <div class=\"inner-box\">\n                        <div class=\"icon\"><i class=\"icon flaticon-bath\"><\/i><\/div>\n                        <h1>Ugodna kupatila<\/h1>\n                        <div class=\"text\">Gosti mogu u\u017eivati u moderno opremljenim kupatilima s prostranim tu\u0161-kabinama.<\/div>\n                    <\/div>                    \n                <\/div>\n                            <\/div>\n        <\/div>\n    <\/section>        \n    \n\t    <div class=\"auto-container\">\n        <div class=\"boder-bottom-three\"><\/div>\n    <\/div>\n    \t\n\t\t\t\t\t<\/div>\n\t\t\t\t<\/div>\n\t\t\t\t<div class=\"elementor-element elementor-element-fc11c78 elementor-widget elementor-widget-bluebell_about_us\" data-id=\"fc11c78\" data-element_type=\"widget\" data-widget_type=\"bluebell_about_us.default\">\n\t\t\t\t<div class=\"elementor-widget-container\">\n\t\t\t\t\t        \n    <!-- About Us -->\n    <section class=\"about-us-section light-bg mx-60 border-shape-top\">\n        <div class=\"auto-container\">\n            <div class=\"row\">\n                <div class=\"col-lg-6\">\n                    <div class=\"content-block\">\n                                                <div class=\"title-box\">\n                            <div class=\"sub-title\">o NAMA<\/div>                            <h2 class=\"sec-title\">\"Gastronomska \u010darolija i udobnost u Hotelu Almanas.\"<\/h2>                        <\/div>\n                        \t\t\t\t\t\t<div class=\"text\">Hotel Almanas vam nudi  iskustvo koje kombinuje udobnost i dru\u017eenje. Bilo da ste putnik s ruksakom, solo putnik ili sa svojom porodicom, na\u0161 hotel sa vrhunskom uslugom ispunit \u0107e sva va\u0161a o\u010dekivanja. \nVi\u0161e od hotela, Hotel Suljovi\u0107 vam nudi mjesto za \u017eivot i upoznavanje ljudi.<\/div>                        <div class=\"text\">Uz svoju blizinu aerodromu i opu\u0161taju\u0107u atmosferu, Hotel Suljovi\u0107 predstavlja savr\u0161eno odredi\u0161te kako za poslovne putnike tako i za turiste koji \u017eele istra\u017eiti ljepote Sarajeva i okolnih destinacija.<\/div>                        <div class=\"signature\"><img decoding=\"async\" src=\"https:\/\/hotel-almanas.ba\/wp-content\/uploads\/2021\/12\/image-4.png\" alt=\"Awesome Image\"><\/div>                        <div class=\"link-btn\"><a href=\"#\" class=\"theme-btn btn-style-two btn-lg\"><span>Otkrijte vi\u0161e <i class=\"flaticon-right-arrow\"><\/i><\/span><\/a><\/div>                                                <div class=\"award\" data-parallax='{\"x\": 20}'>\n                            <div class=\"icon\"><img decoding=\"async\" src=\"https:\/\/hotel-almanas.ba\/wp-content\/uploads\/2021\/12\/icon-1.png\" alt=\"Awesome Image\"><\/div>                            <h4>awarded <br> Resort<\/h4>                        <\/div>\n                  \t\t  \n                    <\/div>\n                <\/div>\n                                <div class=\"col-lg-6\">\n                    <div class=\"image img_hover_3\"><img decoding=\"async\" src=\"https:\/\/hotel-almanas.ba\/wp-content\/uploads\/2024\/02\/322403683_552553216780730_2059803834377509979_n-1.jpg\" alt=\"Awesome Image\"><\/div>\n                <\/div>\n                            <\/div>\n        <\/div>\n    <\/section>        \n        \n    \t\t\t\t<\/div>\n\t\t\t\t<\/div>\n\t\t\t\t\t<\/div>\n\t\t<\/div>\n\t\t\t\t\t<\/div>\n\t\t<\/section>\n\t\t\t\t<section class=\"elementor-section elementor-top-section elementor-element elementor-element-c232f7b elementor-section-full_width elementor-section-height-default elementor-section-height-default\" data-id=\"c232f7b\" data-element_type=\"section\">\n\t\t\t\t\t\t<div class=\"elementor-container elementor-column-gap-default\">\n\t\t\t\t\t<div class=\"elementor-column elementor-col-100 elementor-top-column elementor-element elementor-element-2376167\" data-id=\"2376167\" data-element_type=\"column\">\n\t\t\t<div class=\"elementor-widget-wrap\">\n\t\t\t\t\t\t\t<\/div>\n\t\t<\/div>\n\t\t\t\t\t<\/div>\n\t\t<\/section>\n\t\t\t\t<section class=\"elementor-section elementor-top-section elementor-element elementor-element-0efd707 elementor-section-full_width elementor-section-height-default elementor-section-height-default\" data-id=\"0efd707\" data-element_type=\"section\">\n\t\t\t\t\t\t<div class=\"elementor-container elementor-column-gap-default\">\n\t\t\t\t\t<div class=\"elementor-column elementor-col-100 elementor-top-column elementor-element elementor-element-0aced77\" data-id=\"0aced77\" data-element_type=\"column\">\n\t\t\t<div class=\"elementor-widget-wrap elementor-element-populated\">\n\t\t\t\t\t\t<div class=\"elementor-element elementor-element-2c22325 elementor-widget elementor-widget-bluebell_summer_offer\" data-id=\"2c22325\" data-element_type=\"widget\" data-widget_type=\"bluebell_summer_offer.default\">\n\t\t\t\t<div class=\"elementor-widget-container\">\n\t\t\t\t\t        \n  \t<!-- Cta section -->\n    <section class=\"cta-section\">\n        <div class=\"bg-image\"  data-parallax='{\"x\": 40}' style=\"background-image: url(https:\/\/hotel-almanas.ba\/wp-content\/uploads\/2025\/12\/Film-submission-30thSFF-1-1.png);\"><\/div>                <div class=\"offer-image\">\n            <img decoding=\"async\" src=\"https:\/\/hotel-almanas.ba\/wp-content\/uploads\/2021\/12\/image-8.png\" alt=\"Awesome Image\">\n        <\/div>\n                <div class=\"auto-container\">\n            <div class=\"row\">\n                <div class=\"col-xl-5 offset-xl-7 cta-block\">\n                                        <div class=\"title-box text-light\">\n                        <div class=\"sub-title\">City offer<\/div>                        <h2 class=\"sec-title\">Proslava nove 2026<\/h2>                    <\/div>\n                    \t\t\t\t\t<div class=\"text\">Naime, i pored neizvjesnog javnog do\u010deka na kojem bi gra\u0111ane i turiste u Novu godinu trebala uvesti regionalna pjeva\u010dica Jelena Rozga  Sarajevo nudi jo\u0161 tri dana zabave i nastupa na otvorenom. <\/div>                    <div class=\"link-btn\"><a href=\"https:\/\/hotel-almanas.ba\/en\/kontakt\/\" class=\"theme-btn btn-style-one\"><span>REZERVI\u0160I SMJE\u0160TAJ<\/span><\/a><\/div>                <\/div>\n            <\/div>\n        <\/div>\n    <\/section>   \n    \n\t\t\t\t\t<\/div>\n\t\t\t\t<\/div>\n\t\t\t\t<div class=\"elementor-element elementor-element-d8f6427 elementor-widget elementor-widget-bluebell_eat_and_drink\" data-id=\"d8f6427\" data-element_type=\"widget\" data-widget_type=\"bluebell_eat_and_drink.default\">\n\t\t\t\t<div class=\"elementor-widget-container\">\n\t\t\t\t\t        \n \t<!-- service section -->\n    <section class=\"service-section light-bg mx-60 border-shape-top\">\n        <div class=\"auto-container\">\n            <div class=\"row\">\n                <div class=\"col-lg-6\">\n                    <div class=\"image-block\">\n                                                <div class=\"image\"><img decoding=\"async\" src=\"https:\/\/hotel-almanas.ba\/wp-content\/uploads\/2025\/12\/P1188198-scaled.jpg\" alt=\"Awesome Image\"><\/div>\n                        \t\t\t\t\t\t\n\t\t\t\t\t\t                        <div class=\"text-end\">\n                            <div class=\"image-two img_hover_1\"><img decoding=\"async\" src=\"https:\/\/hotel-almanas.ba\/wp-content\/uploads\/2025\/12\/P1188186-scaled.jpg\" alt=\"Awesome Image\"><\/div>\n                        <\/div>\n                                                \n\t\t\t\t\t\t<div class=\"text-one\">SVIJE\u017dA HRANA<\/div>                        <div class=\"text-two\">restoran<\/div>                    <\/div>\n                <\/div>\n                <div class=\"col-lg-6\">\n                    <div class=\"content-block\">\n                                                <div class=\"title-box\">\n                            <div class=\"sub-title\">hrana &amp; pi\u0107e<\/div>                            <h2 class=\"sec-title small\"> Prepustite se izuzetnim<br> &amp; gurmanskim ponudama<\/h2>                        <\/div>\n                                                <div class=\"time\">O : 7.30 h - 22.00 h<\/div>                        <div class=\"link-btn\"><a href=\"https:\/\/fastwpdemo.com\/newwp\/bluebell\/our-restaurant\/\" class=\"theme-btn btn-style-two\"><span>Zaznaj vi\u0161e<\/span><\/a><\/div>                    <\/div>\n                <\/div>\n            <\/div>  \n        <\/div>\n    <\/section>        \n        \n    \t\t\t\t<\/div>\n\t\t\t\t<\/div>\n\t\t\t\t<div class=\"elementor-element elementor-element-49868dd elementor-widget elementor-widget-bluebell_testimonials\" data-id=\"49868dd\" data-element_type=\"widget\" data-widget_type=\"bluebell_testimonials.default\">\n\t\t\t\t<div class=\"elementor-widget-container\">\n\t\t\t\t\t        \n\t<!-- testimonials -->\n    <section class=\"testimonials-section light-bg mx-60\">\n        <div class=\"auto-container\">\n            <div class=\"row\">\n                <div class=\"col-lg-7\">\n                    <div class=\"content-block\" style=\"background-image: url(https:\/\/hotel-almanas.ba\/wp-content\/uploads\/2024\/02\/380814899_851711893620974_1319570110199331822_n.jpg);\">\n                        <div class=\"title-box text-light\">\n                            <div class=\"sub-title\">REZERVACIJA<\/div>                            <h2 class=\"sec-title\">Hotel Almnas<\/h2>                        <\/div>\n                        <div class=\"link-btn\"><a href=\"#\" class=\"theme-btn btn-style-one\"><span>PONUDA  ZA ZAKUP SVE\u010cANE SALE<\/span><\/a><\/div>                        \n\t\t\t\t\t\t                        <div class=\"award\" data-parallax='{\"y\": 20}'>\n                            <img decoding=\"async\" src=\"https:\/\/hotel-almanas.ba\/wp-content\/uploads\/2021\/12\/icon-1.png\" alt=\"Awesome Image\">\n                            <h4>awarded <br> restaurant<\/h4>\n                        <\/div>\n                                            <\/div>\n                <\/div>\n                <div class=\"col-lg-5\">\n                    <div class=\"theme_carousel owl-theme owl-carousel owl-dot-style-one\" data-options='{\"loop\": true, \"center\": false, \"margin\": 30, \"autoheight\":true, \"lazyload\":true, \"nav\": true, \"dots\": true, \"autoplay\": true, \"autoplayTimeout\": 6000, \"smartSpeed\": 1000, \"responsive\":{ \"0\" :{ \"items\": \"1\" }, \"480\" :{ \"items\" : \"1\" }, \"600\" :{ \"items\" : \"1\" }, \"768\" :{ \"items\" : \"1\" } , \"992\":{ \"items\" : \"1\" }, \"1200\":{ \"items\" : \"1\" }}}'>\n                                                <div class=\"testimonial-block\">                                \n                            <h3><span class=\"quote\">\u201c<\/span>Moderan hotel<\/h3>\n                            <div class=\"text\">&#8220;Hotel Almana je pravo iznena\u0111enje! Savremeno ure\u0111en, izuzetno \u010dist i s vrlo prijatnom atmosferom. Osoblje govori vi\u0161e jezika i zaista se trudi da vam boravak u\u010dini posebnim. Zahvaljuju\u0107i njihovim preporukama, ... <\/div>\n                            <div class=\"author-info\">\n                                <div class=\"author-thumb\"><img decoding=\"async\" width=\"60\" height=\"59\" src=\"https:\/\/hotel-almanas.ba\/wp-content\/uploads\/2021\/12\/image-2.png\" class=\"attachment-bluebell_60x59 size-bluebell_60x59 wp-post-image\" alt=\"\" \/><\/div>\n                                <div class=\"name\">Gost hotela<\/div>\n                            <\/div>\n                        <\/div>\n                                                <div class=\"testimonial-block\">                                \n                            <h3><span class=\"quote\">\u201c<\/span>Ugodno iskustvo<\/h3>\n                            <div class=\"text\">&#8220;Boravili smo u Hotelu Almana kao porodica i zaista smo imali predivno iskustvo. Sobe su prostrane i prelijepo ure\u0111ene, a restoran nudi ukusna jela za sva\u010diji ukus. Osoblje je toplo, ... <\/div>\n                            <div class=\"author-info\">\n                                <div class=\"author-thumb\"><img decoding=\"async\" width=\"60\" height=\"59\" src=\"https:\/\/hotel-almanas.ba\/wp-content\/uploads\/2021\/12\/image-2.png\" class=\"attachment-bluebell_60x59 size-bluebell_60x59 wp-post-image\" alt=\"\" \/><\/div>\n                                <div class=\"name\">Gost hotela<\/div>\n                            <\/div>\n                        <\/div>\n                                                <div class=\"testimonial-block\">                                \n                            <h3><span class=\"quote\">\u201c<\/span>Omiljeni hotel<\/h3>\n                            <div class=\"text\">&#8220;Hotel Almana me odu\u0161evio svojim ambijentom i profesionalno\u0161\u0107u. Soba je bila moderna, \u010dista i vrlo udobna, ba\u0161 ono \u0161to mi je trebalo nakon dugog puta. <\/div>\n                            <div class=\"author-info\">\n                                <div class=\"author-thumb\"><img decoding=\"async\" width=\"60\" height=\"59\" src=\"https:\/\/hotel-almanas.ba\/wp-content\/uploads\/2021\/12\/image-2.png\" class=\"attachment-bluebell_60x59 size-bluebell_60x59 wp-post-image\" alt=\"\" \/><\/div>\n                                <div class=\"name\">Gost hotela<\/div>\n                            <\/div>\n                        <\/div>\n                                            <\/div>\n                <\/div>\n            <\/div>\n        <\/div>\n    <\/section>\n    \n\t\t\t\t\t<\/div>\n\t\t\t\t<\/div>\n\t\t\t\t\t<\/div>\n\t\t<\/div>\n\t\t\t\t\t<\/div>\n\t\t<\/section>\n\t\t\t\t<section class=\"elementor-section elementor-top-section elementor-element elementor-element-24193bc elementor-section-full_width elementor-section-height-default elementor-section-height-default\" data-id=\"24193bc\" data-element_type=\"section\">\n\t\t\t\t\t\t<div class=\"elementor-container elementor-column-gap-default\">\n\t\t\t\t\t<div class=\"elementor-column elementor-col-100 elementor-top-column elementor-element elementor-element-843bf56\" data-id=\"843bf56\" data-element_type=\"column\">\n\t\t\t<div class=\"elementor-widget-wrap\">\n\t\t\t\t\t\t\t<\/div>\n\t\t<\/div>\n\t\t\t\t\t<\/div>\n\t\t<\/section>\n\t\t\t\t<\/div>","protected":false},"excerpt":{"rendered":"<p>Va\u0161a Oaza Udobnosti u Srcu Grada Ovaj elegantni hotel kombinira suvremenu udobnost s profinjenim stilom, nude\u0107i gostima nezaboravan boravak u gradu. Na\u0161e profesionalno osoblje stoji vam na raspolaganju kako bi va\u0161 poslovni doga\u0111aj protekao glatko i uspje\u0161no. Adventure &#8220;Hotel Almanas Va\u0161a Destinacija Za Nezaboravan Boravak.&#8221; Po ulasku u hotel, do\u010dekat \u0107e vas prostrani i dobro [&hellip;]<\/p>","protected":false},"author":1,"featured_media":0,"parent":0,"menu_order":0,"comment_status":"closed","ping_status":"closed","template":"tpl-default-elementor.php","meta":{"footnotes":""},"class_list":["post-1853","page","type-page","status-publish","hentry"],"_links":{"self":[{"href":"https:\/\/hotel-almanas.ba\/en\/wp-json\/wp\/v2\/pages\/1853","targetHints":{"allow":["GET"]}}],"collection":[{"href":"https:\/\/hotel-almanas.ba\/en\/wp-json\/wp\/v2\/pages"}],"about":[{"href":"https:\/\/hotel-almanas.ba\/en\/wp-json\/wp\/v2\/types\/page"}],"author":[{"embeddable":true,"href":"https:\/\/hotel-almanas.ba\/en\/wp-json\/wp\/v2\/users\/1"}],"replies":[{"embeddable":true,"href":"https:\/\/hotel-almanas.ba\/en\/wp-json\/wp\/v2\/comments?post=1853"}],"version-history":[{"count":133,"href":"https:\/\/hotel-almanas.ba\/en\/wp-json\/wp\/v2\/pages\/1853\/revisions"}],"predecessor-version":[{"id":2295,"href":"https:\/\/hotel-almanas.ba\/en\/wp-json\/wp\/v2\/pages\/1853\/revisions\/2295"}],"wp:attachment":[{"href":"https:\/\/hotel-almanas.ba\/en\/wp-json\/wp\/v2\/media?parent=1853"}],"curies":[{"name":"wp","href":"https:\/\/api.w.org\/{rel}","templated":true}]}}