{"id":809,"date":"2021-12-20T10:51:17","date_gmt":"2021-12-20T10:51:17","guid":{"rendered":"http:\/\/fastwpdemo.com\/newwp\/bluebell\/?page_id=809"},"modified":"2025-12-07T00:51:38","modified_gmt":"2025-12-07T00:51:38","slug":"about-us","status":"publish","type":"page","link":"https:\/\/hotel-almanas.ba\/en\/about-us\/","title":{"rendered":"O nama"},"content":{"rendered":"<div data-elementor-type=\"wp-page\" data-elementor-id=\"809\" class=\"elementor elementor-809\">\n\t\t\t\t\t\t<section class=\"elementor-section elementor-top-section elementor-element elementor-element-789ccdf elementor-section-full_width elementor-section-height-default elementor-section-height-default\" data-id=\"789ccdf\" data-element_type=\"section\">\n\t\t\t\t\t\t<div class=\"elementor-container elementor-column-gap-default\">\n\t\t\t\t\t<div class=\"elementor-column elementor-col-100 elementor-top-column elementor-element elementor-element-b9ce891\" data-id=\"b9ce891\" data-element_type=\"column\">\n\t\t\t<div class=\"elementor-widget-wrap elementor-element-populated\">\n\t\t\t\t\t\t<div class=\"elementor-element elementor-element-fea6ecb elementor-widget elementor-widget-bluebell_welcome_section_v3\" data-id=\"fea6ecb\" data-element_type=\"widget\" data-widget_type=\"bluebell_welcome_section_v3.default\">\n\t\t\t\t<div class=\"elementor-widget-container\">\n\t\t\t\t\t       \n \t<!-- Welcome Section three -->\n    <section class=\"welcome-section-six light-bg mx-60 border-shape-top\">\n                <div class=\"auto-container\">\n            <div class=\"row\">\n                <div class=\"col-lg-6\">\n                    <div class=\"title-box\">\n                        <div class=\"sub-title\">Dobro do\u0161li u na\u0161 hotel<\/div>                        <h2 class=\"sec-title sec-title small mb-30\">\"Ekskluzivni Smje\u0161taj, <br>Besprijekorna Usluga - Hotel Almanas.\"<\/h2>\n                        <div class=\"text\">O nama \u2013 Hotel Almanas<\/div>                        <div class=\"text-two\">Hotel Almanas predstavlja savr\u0161en spoj udobnosti, topline i tradicionalnog gostoprimstva. Na\u0161 objekat raspola\u017ee sa 32 le\u017eaja smje\u0161tena u 16 moderno opremljenih soba, dizajniranih tako da zadovolje potrebe savremenog putnika. Svaka soba pru\u017ea potpunu udobnost, te je opremljena prostranim kupatilom, kablovskom televizijom, klima ure\u0111ajem i sadr\u017eajima koji osiguravaju miran i prijatan boravak.  <\/div>                        <div class=\"text-two\">Komfor koji zaslu\u017eujete\n\nPosebnu pa\u017enju posve\u0107ujemo \u010distoci, ti\u0161ini i osje\u0107aju privatnosti, kako bi svaki gost do\u017eivio potpuni odmor, bez obzira da li putuje poslovno ili rekreativno. Na\u0161 tim je uvijek na raspolaganju da iza\u0111e u susret svim va\u0161im potrebama. <\/div>                       \n                                                <div class=\"author-info\">\n                            <div class=\"author-wrap\">\n                                <div class=\"author-thumb\"><img decoding=\"async\" src=\"https:\/\/hotel-almanas.ba\/wp-content\/uploads\/2024\/02\/vv.png\" alt=\"Awesome Image\"><\/div>                                <div class=\"name\">Alija Suljovi\u0107<\/div>                                <div class=\"designation\">Hotel Manager <\/div>                            <\/div>\n                            <div class=\"signature\"><img decoding=\"async\" src=\"https:\/\/hotel-almanas.ba\/wp-content\/uploads\/2025\/12\/Potpis-Alija-suljovic.png\" alt=\"Awesome Image\"><\/div>                        <\/div>\n                  \t                      \n                    <\/div>\n                <\/div>\n                <div class=\"col-lg-6\">\n                \t<div class=\"text-end\">\n                    \t<div class=\"image\"><img decoding=\"async\" src=\"https:\/\/hotel-almanas.ba\/wp-content\/uploads\/2025\/12\/Screenshot_2.jpg\" alt=\"Awesome Image\"><\/div>\n                    <\/div>\n                <\/div>\n            <\/div>\n        <\/div>\n    <\/section>        \n    \n    \t\t\t\t<\/div>\n\t\t\t\t<\/div>\n\t\t\t\t\t<\/div>\n\t\t<\/div>\n\t\t\t\t\t<\/div>\n\t\t<\/section>\n\t\t\t\t<section class=\"elementor-section elementor-top-section elementor-element elementor-element-d3b9117 elementor-section-full_width elementor-section-height-default elementor-section-height-default\" data-id=\"d3b9117\" data-element_type=\"section\">\n\t\t\t\t\t\t<div class=\"elementor-container elementor-column-gap-default\">\n\t\t\t\t\t<div class=\"elementor-column elementor-col-100 elementor-top-column elementor-element elementor-element-21bd685\" data-id=\"21bd685\" data-element_type=\"column\">\n\t\t\t<div class=\"elementor-widget-wrap\">\n\t\t\t\t\t\t\t<\/div>\n\t\t<\/div>\n\t\t\t\t\t<\/div>\n\t\t<\/section>\n\t\t\t\t<section class=\"elementor-section elementor-top-section elementor-element elementor-element-df6de26 elementor-section-full_width elementor-section-height-default elementor-section-height-default\" data-id=\"df6de26\" data-element_type=\"section\">\n\t\t\t\t\t\t<div class=\"elementor-container elementor-column-gap-default\">\n\t\t\t\t\t<div class=\"elementor-column elementor-col-100 elementor-top-column elementor-element elementor-element-85ce7b4\" data-id=\"85ce7b4\" data-element_type=\"column\">\n\t\t\t<div class=\"elementor-widget-wrap elementor-element-populated\">\n\t\t\t\t\t\t<div class=\"elementor-element elementor-element-0b44db8 elementor-widget elementor-widget-bluebell_our_funfacts\" data-id=\"0b44db8\" data-element_type=\"widget\" data-widget_type=\"bluebell_our_funfacts.default\">\n\t\t\t\t<div class=\"elementor-widget-container\">\n\t\t\t\t\t        \n\t<!-- funfact section -->\n\t<div class=\"light-bg mx-60\">\n        <div class=\"auto-container\">\n            <div class=\"boder-bottom-two\"><\/div>\n        <\/div>\n    <\/div> \n        <section class=\"funfact-section light-bg mx-60\">\n        <div class=\"auto-container\">\n            <div class=\"row\">\n                                <div class=\"col-lg-3 funfact-block\">\n                    <div class=\"count-outer count-box\">\n                   \t\t<span class=\"count-text\" data-speed=\"3000\" data-stop=\"250\">0<\/span><span class=\"plus\">+<\/span>\n                    <\/div>\n                    <div class=\"text\">Mjesec rezervacije<\/div>\n                <\/div>\n                                <div class=\"col-lg-3 funfact-block\">\n                    <div class=\"count-outer count-box\">\n                   \t\t<span class=\"count-text\" data-speed=\"3000\" data-stop=\"30\">0<\/span><span class=\"plus\">+<\/span>\n                    <\/div>\n                    <div class=\"text\">Posjetioci dnevno<\/div>\n                <\/div>\n                                <div class=\"col-lg-3 funfact-block\">\n                    <div class=\"count-outer count-box\">\n                   \t\t<span class=\"count-text\" data-speed=\"3000\" data-stop=\"98\">0<\/span><span class=\"plus\">%<\/span>\n                    <\/div>\n                    <div class=\"text\">Pozitivne povratne informacije<\/div>\n                <\/div>\n                                <div class=\"col-lg-3 funfact-block\">\n                    <div class=\"count-outer count-box\">\n                   \t\t<span class=\"count-text\" data-speed=\"3000\" data-stop=\"20\">0<\/span><span class=\"plus\">+<\/span>\n                    <\/div>\n                    <div class=\"text\">Nagrade i priznanja\n<\/div>\n                <\/div>\n                 \n            <\/div>\n        <\/div>\n    <\/section>       \n    \n    \t\t\t\t<\/div>\n\t\t\t\t<\/div>\n\t\t\t\t\t<\/div>\n\t\t<\/div>\n\t\t\t\t\t<\/div>\n\t\t<\/section>\n\t\t\t\t<\/div>","protected":false},"excerpt":{"rendered":"<p>Dobro do\u0161li u na\u0161 hotel &#8220;Ekskluzivni Smje\u0161taj, Besprijekorna Usluga &#8211; Hotel Almanas.&#8221; O nama \u2013 Hotel Almanas Hotel Almanas predstavlja savr\u0161en spoj udobnosti, topline i tradicionalnog gostoprimstva. Na\u0161 objekat raspola\u017ee sa 32 le\u017eaja smje\u0161tena u 16 moderno opremljenih soba, dizajniranih tako da zadovolje potrebe savremenog putnika. Svaka soba pru\u017ea potpunu udobnost, te je opremljena prostranim [&hellip;]<\/p>","protected":false},"author":1,"featured_media":0,"parent":0,"menu_order":0,"comment_status":"closed","ping_status":"closed","template":"","meta":{"footnotes":""},"class_list":["post-809","page","type-page","status-publish","hentry"],"_links":{"self":[{"href":"https:\/\/hotel-almanas.ba\/en\/wp-json\/wp\/v2\/pages\/809","targetHints":{"allow":["GET"]}}],"collection":[{"href":"https:\/\/hotel-almanas.ba\/en\/wp-json\/wp\/v2\/pages"}],"about":[{"href":"https:\/\/hotel-almanas.ba\/en\/wp-json\/wp\/v2\/types\/page"}],"author":[{"embeddable":true,"href":"https:\/\/hotel-almanas.ba\/en\/wp-json\/wp\/v2\/users\/1"}],"replies":[{"embeddable":true,"href":"https:\/\/hotel-almanas.ba\/en\/wp-json\/wp\/v2\/comments?post=809"}],"version-history":[{"count":27,"href":"https:\/\/hotel-almanas.ba\/en\/wp-json\/wp\/v2\/pages\/809\/revisions"}],"predecessor-version":[{"id":2141,"href":"https:\/\/hotel-almanas.ba\/en\/wp-json\/wp\/v2\/pages\/809\/revisions\/2141"}],"wp:attachment":[{"href":"https:\/\/hotel-almanas.ba\/en\/wp-json\/wp\/v2\/media?parent=809"}],"curies":[{"name":"wp","href":"https:\/\/api.w.org\/{rel}","templated":true}]}}