{"id":940,"date":"2021-12-23T11:27:55","date_gmt":"2021-12-23T11:27:55","guid":{"rendered":"http:\/\/fastwpdemo.com\/newwp\/bluebell\/?page_id=940"},"modified":"2025-12-07T22:09:55","modified_gmt":"2025-12-07T22:09:55","slug":"our-restaurant","status":"publish","type":"page","link":"https:\/\/hotel-almanas.ba\/en\/our-restaurant\/","title":{"rendered":"Our Restaurant"},"content":{"rendered":"<div data-elementor-type=\"wp-page\" data-elementor-id=\"940\" class=\"elementor elementor-940\">\n\t\t\t\t\t\t<section class=\"elementor-section elementor-top-section elementor-element elementor-element-3549a04 elementor-section-full_width elementor-section-height-default elementor-section-height-default\" data-id=\"3549a04\" data-element_type=\"section\">\n\t\t\t\t\t\t<div class=\"elementor-container elementor-column-gap-default\">\n\t\t\t\t\t<div class=\"elementor-column elementor-col-100 elementor-top-column elementor-element elementor-element-3668e6f\" data-id=\"3668e6f\" data-element_type=\"column\">\n\t\t\t<div class=\"elementor-widget-wrap elementor-element-populated\">\n\t\t\t\t\t\t<div class=\"elementor-element elementor-element-2467404 elementor-widget elementor-widget-bluebell_our_restaurant\" data-id=\"2467404\" data-element_type=\"widget\" data-widget_type=\"bluebell_our_restaurant.default\">\n\t\t\t\t<div class=\"elementor-widget-container\">\n\t\t\t\t\t        \n\t<!-- restaurant -->\n    <section class=\"restaurant-section light-bg mx-60 border-shape-top\">\n        <div class=\"auto-container\">\n            <div class=\"row\">\n                <div class=\"col-lg-6\">\n                    <div class=\"sub-title\">Service since 1989<\/div>                    <div class=\"text\">Dobro do\u0161li u restoran Hotela Almanas, mjesto gdje se spoj vrhunske kuhinje, pa\u017eljivo biranih sastojaka i besprijekorne usluge pretvara u nezaboravno gastronomsko iskustvo. Prepustite se ambijentu koji opu\u0161ta, mirisima koji osvajaju i jelima koja pri\u010daju svoju pri\u010du.<\/div>                    <div class=\"text-two\">Restoran Hotela Almanas \u2013 Va\u0161e novo mjesto za u\u017eivanje u savr\u0161enoj kombinaciji ukusa, elegancije i udobnosti. Svaki tanjir pripremljen je s pa\u017enjom, a svaka posjeta postaje poseban do\u017eivljaj.<\/div>                    <div class=\"inner-box\">\n                        <div class=\"row\">\n                                                        <div class=\"col-lg-6 col-sm-6 col-xs-12\">\n                                <div class=\"date\">Dani otvorenih vrata:: <br> Ponedjeljak - Subota<\/div>\n                            <\/div>\n                                                                                    <div class=\"col-lg-6 col-sm-6 col-xs-12\">\n                                <div class=\"time\">Radno vrijeme: <br> 07:00h - 22:00h<\/div>\n                            <\/div>\n                                                    <\/div>\n                    <\/div>\n                    <div class=\"row\">\n                                                <div class=\"col-lg-4\">\n                            <div class=\"link-btn\"><a href=\"https:\/\/hotel-almanas.ba\/en\/kontakt\/\" class=\"theme-btn btn-style-one\"><span>REZERVACIJA<\/span><\/a><\/div>\n                        <\/div>\n                                                \n                                                <div class=\"col-lg-8\">\n                            <div class=\"content\">Ili nas pozovite: 033 627-670<\/div>\n                        <\/div>\n                                            <\/div>\n                <\/div>\n                                <div class=\"col-lg-6\">\n                    <div class=\"image\"><img decoding=\"async\" src=\"https:\/\/hotel-almanas.ba\/wp-content\/uploads\/2025\/12\/restaurant-2.png\" alt=\"Awesome Image\"><\/div>\n                <\/div>\n                                \n            <\/div>\n        <\/div>\n    <\/section>        \n    \n    \t\t\t\t<\/div>\n\t\t\t\t<\/div>\n\t\t\t\t\t<\/div>\n\t\t<\/div>\n\t\t\t\t\t<\/div>\n\t\t<\/section>\n\t\t\t\t<\/div>","protected":false},"excerpt":{"rendered":"<p>Service since 1989 Dobro do\u0161li u restoran Hotela Almanas, mjesto gdje se spoj vrhunske kuhinje, pa\u017eljivo biranih sastojaka i besprijekorne usluge pretvara u nezaboravno gastronomsko iskustvo. Prepustite se ambijentu koji opu\u0161ta, mirisima koji osvajaju i jelima koja pri\u010daju svoju pri\u010du. Restoran Hotela Almanas \u2013 Va\u0161e novo mjesto za u\u017eivanje u savr\u0161enoj kombinaciji ukusa, elegancije i [&hellip;]<\/p>","protected":false},"author":1,"featured_media":0,"parent":0,"menu_order":0,"comment_status":"closed","ping_status":"closed","template":"tpl-default-elementor.php","meta":{"footnotes":""},"class_list":["post-940","page","type-page","status-publish","hentry"],"_links":{"self":[{"href":"https:\/\/hotel-almanas.ba\/en\/wp-json\/wp\/v2\/pages\/940","targetHints":{"allow":["GET"]}}],"collection":[{"href":"https:\/\/hotel-almanas.ba\/en\/wp-json\/wp\/v2\/pages"}],"about":[{"href":"https:\/\/hotel-almanas.ba\/en\/wp-json\/wp\/v2\/types\/page"}],"author":[{"embeddable":true,"href":"https:\/\/hotel-almanas.ba\/en\/wp-json\/wp\/v2\/users\/1"}],"replies":[{"embeddable":true,"href":"https:\/\/hotel-almanas.ba\/en\/wp-json\/wp\/v2\/comments?post=940"}],"version-history":[{"count":26,"href":"https:\/\/hotel-almanas.ba\/en\/wp-json\/wp\/v2\/pages\/940\/revisions"}],"predecessor-version":[{"id":2212,"href":"https:\/\/hotel-almanas.ba\/en\/wp-json\/wp\/v2\/pages\/940\/revisions\/2212"}],"wp:attachment":[{"href":"https:\/\/hotel-almanas.ba\/en\/wp-json\/wp\/v2\/media?parent=940"}],"curies":[{"name":"wp","href":"https:\/\/api.w.org\/{rel}","templated":true}]}}