{"id":985,"date":"2021-12-24T10:40:27","date_gmt":"2021-12-24T10:40:27","guid":{"rendered":"http:\/\/fastwpdemo.com\/newwp\/bluebell\/?page_id=985"},"modified":"2025-12-07T23:57:19","modified_gmt":"2025-12-07T23:57:19","slug":"nova2026","status":"publish","type":"page","link":"https:\/\/hotel-almanas.ba\/en\/nova2026\/","title":{"rendered":"Comming Soon"},"content":{"rendered":"<div data-elementor-type=\"wp-page\" data-elementor-id=\"985\" class=\"elementor elementor-985\">\n\t\t\t\t\t\t<section class=\"elementor-section elementor-top-section elementor-element elementor-element-53d7dac elementor-section-full_width elementor-section-height-default elementor-section-height-default\" data-id=\"53d7dac\" data-element_type=\"section\">\n\t\t\t\t\t\t<div class=\"elementor-container elementor-column-gap-default\">\n\t\t\t\t\t<div class=\"elementor-column elementor-col-100 elementor-top-column elementor-element elementor-element-72d7b95\" data-id=\"72d7b95\" data-element_type=\"column\">\n\t\t\t<div class=\"elementor-widget-wrap elementor-element-populated\">\n\t\t\t\t\t\t<div class=\"elementor-element elementor-element-2c51dc1 elementor-widget elementor-widget-bluebell_coming_soon\" data-id=\"2c51dc1\" data-element_type=\"widget\" data-widget_type=\"bluebell_coming_soon.default\">\n\t\t\t\t<div class=\"elementor-widget-container\">\n\t\t\t\t\t        \n        \n    <!--Comming Soon-->\n    <section class=\"comming-soon\" style=\"background-image:url(https:\/\/hotel-almanas.ba\/wp-content\/uploads\/2025\/12\/main-1.png)\">\n        <div class=\"auto-container\">\n            <div class=\"content\">\n                <div class=\"content-inner\">\n                    <h2>Nova godina 2026<\/h2>\n                    <div class=\"time-counter\"><div class=\"time-countdown clearfix\" data-countdown=\"2025\/12\/28\"><\/div><\/div>\n                    <div class=\"text\">Zbog velike potra\u017enje i nezaboravne novogodi\u0161nje atmosfere u Sarajevu, molimo sve goste da na vrijeme izvr\u0161e svoju prijavu i rezervaciju smje\u0161taja u Hotelu ALMANAS.\n<\/div>\n                    <!--Emailed Form-->\n                    <div class=\"emailed-form\">\n                        <form class=\"ajax-sub-form\" method=\"post\" action=\"https:\/\/hotel-almanas.ba\/en\/\" data-trp-original-action=\"https:\/\/hotel-almanas.ba\/en\/\">\n                            <div class=\"form-group\">\n                                <input type=\"email\" name=\"s\" value=\"\" placeholder=\"Subscribe now\" id=\"subscription-email\">\n                                <button class=\"theme-btn btn-style-one\" type=\"submit\">Prijavite se<\/button>\n                                <label class=\"subscription-label\" for=\"subscription-email\"><\/label>\n                            <\/div>\n                        <input type=\"hidden\" name=\"trp-form-language\" value=\"en\"\/><\/form>\n                    <\/div>\n                    \n                <\/div>\n            <\/div>\n        <\/div>\n    <\/section>\n    <!--End Comming Soon-->       \n        \n    \t\t\t\t<\/div>\n\t\t\t\t<\/div>\n\t\t\t\t\t<\/div>\n\t\t<\/div>\n\t\t\t\t\t<\/div>\n\t\t<\/section>\n\t\t<div class=\"elementor-element elementor-element-690dfd2 e-flex e-con-boxed e-con e-parent\" data-id=\"690dfd2\" data-element_type=\"container\">\n\t\t\t\t\t<div class=\"e-con-inner\">\n\t\t\t\t<div class=\"elementor-element elementor-element-9c4789f elementor-widget elementor-widget-button\" data-id=\"9c4789f\" data-element_type=\"widget\" data-widget_type=\"button.default\">\n\t\t\t\t<div class=\"elementor-widget-container\">\n\t\t\t\t\t\t\t\t\t<div class=\"elementor-button-wrapper\">\n\t\t\t\t\t<a class=\"elementor-button elementor-button-link elementor-size-sm\" href=\"https:\/\/hotel-almanas.ba\/en\/\" id=\"HOME\">\n\t\t\t\t\t\t<span class=\"elementor-button-content-wrapper\">\n\t\t\t\t\t\t\t\t\t<span class=\"elementor-button-text\">Click here<\/span>\n\t\t\t\t\t<\/span>\n\t\t\t\t\t<\/a>\n\t\t\t\t<\/div>\n\t\t\t\t\t\t\t\t<\/div>\n\t\t\t\t<\/div>\n\t\t\t\t\t<\/div>\n\t\t\t\t<\/div>\n\t\t\t\t<\/div>","protected":false},"excerpt":{"rendered":"<p>Nova godina 2026 Zbog velike potra\u017enje i nezaboravne novogodi\u0161nje atmosfere u Sarajevu, molimo sve goste da na vrijeme izvr\u0161e svoju prijavu i rezervaciju smje\u0161taja u Hotelu ALMANAS. Prijavite se Click here<\/p>","protected":false},"author":1,"featured_media":0,"parent":0,"menu_order":0,"comment_status":"closed","ping_status":"closed","template":"tpl-coming_soon.php","meta":{"footnotes":""},"class_list":["post-985","page","type-page","status-publish","hentry"],"_links":{"self":[{"href":"https:\/\/hotel-almanas.ba\/en\/wp-json\/wp\/v2\/pages\/985","targetHints":{"allow":["GET"]}}],"collection":[{"href":"https:\/\/hotel-almanas.ba\/en\/wp-json\/wp\/v2\/pages"}],"about":[{"href":"https:\/\/hotel-almanas.ba\/en\/wp-json\/wp\/v2\/types\/page"}],"author":[{"embeddable":true,"href":"https:\/\/hotel-almanas.ba\/en\/wp-json\/wp\/v2\/users\/1"}],"replies":[{"embeddable":true,"href":"https:\/\/hotel-almanas.ba\/en\/wp-json\/wp\/v2\/comments?post=985"}],"version-history":[{"count":25,"href":"https:\/\/hotel-almanas.ba\/en\/wp-json\/wp\/v2\/pages\/985\/revisions"}],"predecessor-version":[{"id":2274,"href":"https:\/\/hotel-almanas.ba\/en\/wp-json\/wp\/v2\/pages\/985\/revisions\/2274"}],"wp:attachment":[{"href":"https:\/\/hotel-almanas.ba\/en\/wp-json\/wp\/v2\/media?parent=985"}],"curies":[{"name":"wp","href":"https:\/\/api.w.org\/{rel}","templated":true}]}}